{"id":588,"date":"2022-08-17T10:46:02","date_gmt":"2022-08-17T08:46:02","guid":{"rendered":"https:\/\/rosaundblauamsee.at\/the-ensemble\/"},"modified":"2024-04-01T20:17:48","modified_gmt":"2024-04-01T18:17:48","slug":"the-ensemble","status":"publish","type":"page","link":"https:\/\/rosaundblauamsee.at\/en\/","title":{"rendered":"The ensemble"},"content":{"rendered":"\r\n<p><img loading=\"lazy\" decoding=\"async\" title=\"Startseite Foto-1920px\" src=\"https:\/\/rosaundblauamsee.at\/wp-content\/uploads\/2023\/08\/Startseite-Foto-1920px.webp\" alt=\"Startseite Foto-1920px\" width=\"1920\" height=\"1353\" \/><\/p>\r\n<p>Ein liebevoll und farbenfroh restauriertes Pfarrhaus aus 1820, eine kleine Kirche aus dem 16. Jahrhundert, eine als Atelier genutzte ehemalige Schule &#8230; und ein gro\u00dfer, vertr\u00e4umter Garten f\u00fcr besondere Momente des Seins. Viel Platz, Kunst und Vintage, und den See im Blick.<\/p>\r\n<p>Nicht nur ein Haus, sondern ein ganzes Ensemble mit Pers\u00f6nlichkeit, das mutig und bunt ist.<\/p>\r\n<h2>Ein Ensemble der Merk.w\u00fcrdigkeit<\/h2>\r\n<h2>&#8230; in dem sich Altes aufl\u00f6sen, und Neues entwickeln kann<\/h2>\r\n<h4>An diesem Ort kannst du einfach da sein und genie\u00dfen. Aber gleichzeitig m\u00f6chten wir ihn zu einem Ort der neuen Zeit machen &#8230; einen Ort der frei ist von Ego, Dualit\u00e4t und Manipulation.<\/h4>\r\n<p>&nbsp;<\/p>\r\n<h4>Wir m\u00f6chten hier Menschen zusammenbringen &#8230; einen Ort der Co-Creation entstehen lassen, gemeinsam Antworten f\u00fcr die gro\u00dfe Zeitenwende finden und Potenzialentfaltung f\u00f6rdern. Altes aufl\u00f6sen und Neues entstehen lassen eben &#8230;<\/h4>\r\n<p>&nbsp;<\/p>\r\n<h4>Wie wir uns das vorstellen? Durch Dialoge, Themenworkshops,\u00a0 k\u00fcnstlerische oder kulturelle Impulse, oder indem wir hier Naturerfahrung in Stille oder Bewegung erm\u00f6glichen. Aber auch ein &#8220;nur&#8221; da sein und verweilen wird dein Aufl\u00f6sen und Entstehen f\u00f6rdern.<\/h4>\r\n<p>&nbsp;<\/p>\r\n<h4>Wir werden selbst Impulse setzen, aber wir laden auch alle Menschen ein, deren Ideen die Transformation und Potenzialentfaltung f\u00f6rdern, diesen besonderen Ort daf\u00fcr zu nutzen. Das k\u00f6nnt ihr entweder gemeinsam mit uns, oder auch alleine. Wir stellen daf\u00fcr diesen besonderen Ort zur Verf\u00fcgung.<\/h4>\r\n<p>&nbsp;<\/p>\r\n<h4>Es w\u00fcrde uns freuen, wenn ihr eure Ideen mit uns teilt und wir \u00fcber die Umsetzungsm\u00f6glichkeiten und Rahmenbedingungen diskutieren. Den Sinn stellen wir dabei im Zweifelsfall vor wirtschaftliche \u00dcberlegungen.<\/h4>\r\n<p>&nbsp;<\/p>\r\n<p>&nbsp;<\/p>\r\n<p>&nbsp;<\/p>\r\n<p>&nbsp;<\/p>\r\n<p>&nbsp;<\/p>\r\n<h2>Das Ensemble<\/h2>\r\n<p><img loading=\"lazy\" decoding=\"async\" title=\"der blaue raum\" src=\"https:\/\/rosaundblauamsee.at\/wp-content\/uploads\/2023\/07\/der-blaue-raum.webp\" alt=\"der blaue raum\" width=\"900\" height=\"588\" \/><\/p>\r\n<p>In der Kirche gibt es einmal pro Woche eine Messe mit einer Hand voll Leuten. Aber ansonsten ist sie Teil des Ensembles und mit einem eigenen Schl\u00fcssel kannst du exklusiv die Ruhe und besondere Atmosph\u00e4re in ihr sp\u00fcren. Und keine Angst, kein Glockengebimmel st\u00f6rt deine Ruhe.<\/p>\r\n<p>Das gro\u00dfe Grundst\u00fcck mit seinem wundervollen Garten, den alten B\u00e4umen, der Laube mit Kamin h\u00e4lt ganz viele Pl\u00e4tze zum Verweilen f\u00fcr dich bereit. Die Ausstrahlung wird dich magisch anziehen.<\/p>\r\n<p>Das Besondere daran \u2026 das alles steht dir, deiner Familie und deinen Freunden exklusiv zur Verf\u00fcgung. Du bestimmst an welchen Tagen und Momenten es Oase der Stille sein soll, und wann Lebendigkeit im Vordergrund steht.<\/p>\r\n<p>&#8220;Der ganz pers\u00f6nliche R\u00fcckzugsort&#8221;<\/p>\r\n<h2>Wohnen<\/h2>\r\n<p>Du wohnst in einem liebevoll restauriertem Pfarrhaus mit rund 200m2 Was dir sofort ins Auge fallen wird. Es ist bunt \u2026 in verschiedenen Rosa und Blau T\u00f6nen gehalten \u2026 und du findest ganz viel Kunst und Vintage Gegenst\u00e4nde in dem Haus. Die Vorbesitzerin war K\u00fcnstlerin und wir haben ebenfalls eine k\u00fcnstlerische Ader. Dein Auge wird ganz viel zum Entdecken finden und viele der Gegenst\u00e4nde haben ihre ganz eigene Geschichte. Wenn du bisher wei\u00dfe R\u00e4ume gewohnt warst, lass dich verzaubern von der besonderen Magie der Farben.<\/p>\r\n<p>Im Erdgeschoss gibt es ein gro\u00dfes Kaminzimmer, ein Lesezimmer, eine mehr als voll und hochwertig ausgestattete K\u00fcche, ein Esszimmer und ein kleines R\u00fcckzugszimmer mit einem Schlafsofa. Im Obergescho\u00df findest du 3 Schlafr\u00e4ume mit Doppelbetten, zwei davon mit Seeblick, sowie zwei B\u00e4dern und einer integrierten Sauna.<\/p>\r\n<p>Der zus\u00e4tzliche, rund 100m2 gro\u00dfe, loftartig ausgebaute Dachboden wird noch adaptiert und steht zu einem sp\u00e4teren Zeitpunkt ebenfalls zur Verf\u00fcgung.<\/p>\r\n<h2>Der Garten<\/h2>\r\n<p>Auf rund 3000m2 Grundfl\u00e4che findest du einen traumhaft sch\u00f6nen Garten, mit alten B\u00e4umen, B\u00fcschen und wundersch\u00f6nen Blumen. Das ganze ist von drei Seiten eingerahmt mit Wiesen und Wald. Die Natur zeigt sich dir in seiner ganzen Pracht und es ist eine Oase der Ruhe. Eine \u00fcberdachte, mit Rankpflanzen bewachsene Laube mit alter Steinmauer und Kamin l\u00e4dt ein zum Fr\u00fchst\u00fccken, oder zum Sitzen am Abend mit einem romantischen Feuer. Ein mit Holz beheizbarer Hotpot bietet dir die M\u00f6glichkeit, in die Sterne zu schauen und gleichzeitig auf den beleuchteten Kirchturm.<\/p>\r\n<p><img loading=\"lazy\" decoding=\"async\" title=\"garten 1\" src=\"https:\/\/rosaundblauamsee.at\/wp-content\/uploads\/2023\/07\/garten-1.webp\" alt=\"garten 1\" width=\"700\" height=\"460\" \/> <img loading=\"lazy\" decoding=\"async\" title=\"garten 3\" src=\"https:\/\/rosaundblauamsee.at\/wp-content\/uploads\/2023\/07\/garten-3.webp\" alt=\"garten 3\" width=\"700\" height=\"460\" \/><\/p>\r\n<p>An hei\u00dfen Tagen findest du viele schattige Pl\u00e4tzchen unter B\u00e4umen.<\/p>\r\n<p><img loading=\"lazy\" decoding=\"async\" title=\"garten 2\" src=\"https:\/\/rosaundblauamsee.at\/wp-content\/uploads\/2023\/07\/garten-2.webp\" alt=\"garten 2\" width=\"700\" height=\"459\" \/><\/p>\r\n<p>Eine kleine Terrasse vor dem Atelier hat ihre besondere Atmosph\u00e4re und erm\u00f6glicht dir Blicke bis in die julischen Alpen. An der Grundst\u00fccksgrenze stehende Rebst\u00f6cke mit Weintrauben die zum Naschen einladen, genauso wie Johannes- und Stachelbeerb\u00fcsche. Auf der Wiese hinter der alten Schule findest du Obstb\u00e4ume, und ein kleines Glasgew\u00e4chshaus, das wir umfunktioniert haben. Gesch\u00fctzt vor Regen, Wind und K\u00e4lte kannst du dort lesen, meditieren, oder ganz einfach nur \u201esein&#8221; und den Kraftplatz auf dich wirken lassen.<\/p>\r\n<p><img loading=\"lazy\" decoding=\"async\" title=\"garten 4\" src=\"https:\/\/rosaundblauamsee.at\/wp-content\/uploads\/2023\/07\/garten-4.webp\" alt=\"garten 4\" width=\"700\" height=\"459\" \/><\/p>\r\n","protected":false},"excerpt":{"rendered":"<p>Ein liebevoll und farbenfroh restauriertes Pfarrhaus aus 1820, eine kleine Kirche aus dem 16. Jahrhundert, eine als Atelier genutzte ehemalige Schule &#8230; und ein gro\u00dfer, vertr\u00e4umter Garten f\u00fcr besondere Momente des Seins. Viel Platz, Kunst und Vintage, und den See im Blick. Nicht nur ein Haus, sondern ein ganzes Ensemble mit Pers\u00f6nlichkeit, das mutig und&hellip;<\/p>\n","protected":false},"author":2,"featured_media":0,"parent":0,"menu_order":0,"comment_status":"closed","ping_status":"closed","template":"","meta":{"slim_seo":{"facebook_image":"https:\/\/rosaundblauamsee.at\/wp-content\/uploads\/2023\/07\/rosaundblauamsee-fb-preview.webp","twitter_image":"https:\/\/rosaundblauamsee.at\/wp-content\/uploads\/2023\/07\/rosaundblauamsee-fb-preview.webp","title":"rosaundblauamsee.at - Ein Haus mit M\u00f6glichkeiten","description":"Ein liebevoll und farbenfroh restauriertes Pfarrhaus aus 1820, eine kleine Kirche aus dem 16. Jahrhundert, eine als Atelier genutzte ehemalige Schule ... und ei"},"footnotes":""},"class_list":["post-588","page","type-page","status-publish","hentry"],"_links":{"self":[{"href":"https:\/\/rosaundblauamsee.at\/en\/wp-json\/wp\/v2\/pages\/588","targetHints":{"allow":["GET"]}}],"collection":[{"href":"https:\/\/rosaundblauamsee.at\/en\/wp-json\/wp\/v2\/pages"}],"about":[{"href":"https:\/\/rosaundblauamsee.at\/en\/wp-json\/wp\/v2\/types\/page"}],"author":[{"embeddable":true,"href":"https:\/\/rosaundblauamsee.at\/en\/wp-json\/wp\/v2\/users\/2"}],"replies":[{"embeddable":true,"href":"https:\/\/rosaundblauamsee.at\/en\/wp-json\/wp\/v2\/comments?post=588"}],"version-history":[{"count":5,"href":"https:\/\/rosaundblauamsee.at\/en\/wp-json\/wp\/v2\/pages\/588\/revisions"}],"predecessor-version":[{"id":868,"href":"https:\/\/rosaundblauamsee.at\/en\/wp-json\/wp\/v2\/pages\/588\/revisions\/868"}],"wp:attachment":[{"href":"https:\/\/rosaundblauamsee.at\/en\/wp-json\/wp\/v2\/media?parent=588"}],"curies":[{"name":"wp","href":"https:\/\/api.w.org\/{rel}","templated":true}]}}