{"id":600,"date":"2023-07-11T15:20:13","date_gmt":"2023-07-11T13:20:13","guid":{"rendered":"https:\/\/rosaundblauamsee.at\/the-hosts\/"},"modified":"2023-07-27T18:10:25","modified_gmt":"2023-07-27T16:10:25","slug":"the-hosts","status":"publish","type":"page","link":"https:\/\/rosaundblauamsee.at\/en\/the-hosts\/","title":{"rendered":"The hosts"},"content":{"rendered":"\r\n\r\n\t\t\t\t<img loading=\"lazy\" decoding=\"async\" src=\"https:\/\/rosaundblauamsee.at\/wp-content\/uploads\/2023\/07\/dastgeber-rosa-balken.webp\" alt=\"dastgeber-rosa-balken\" itemprop=\"image\" height=\"1292\" width=\"1920\" title=\"dastgeber-rosa-balken\" onerror=\"this.style.display='none'\"  \/>\r\n\t<h1>Die Gastgeber<\/h1>\r\n<p>Ilona und ich (Gerhard) kommen nicht aus dem Fremdenverkehr. Uns haben ganz andere Wege zu diesem Haus gef\u00fchrt (siehe die Geschichte dahinter).<\/p>\r\n<p>Ilona ist eine rheinl\u00e4ndische Frohnatur und sehr kommunikativ. Die Liebe zu den Bergen haben ihr aber auch die Stille der Natur n\u00e4hergebracht. Mit Freude lernt sie neue Menschen kennen, ganz besonders wenn diese den g\u00e4ngigen Mainstream Denkmustern entwachsen sind. Mit ihrer Herzensenergie und ihrem unwahrscheinlichen Gef\u00fchl f\u00fcr Menschen schl\u00e4gt sie sehr schnell Br\u00fccken zu Menschen und vermittelt ein gutes Gef\u00fchl. Ein Astrologe hat einmal \u00fcber sie gemeint &#8230; \u201esie findet die Worte f\u00fcr andere&#8221;. Zu einem philosophischen Abend am Kaminfeuer wird sie bestimmt nicht nein sagen. Leidenschaftlich gerne besch\u00e4ftigt sie sich auch mit \u201eFragen des Seins&#8221; und bewussteren Blickwinkeln darauf. Viele gesellschaftliche Fragen, gerade in einer gro\u00dfen Zeitenwende, geben ihr dabei ein gro\u00dfes intellektuelles Bet\u00e4tigungsfeld.<\/p>\r\n<p>Ich (Gerhard) habe neben meiner Rolle als Unternehmer immer schon einen Hang zum Sport gehabt. War dieser fr\u00fcher leistungsorientiert, so stehen heute der Genuss und das Naturerlebnis im Vordergrund. Habe ich fr\u00fcher sehr h\u00e4ufig das Gehirn benutzt, so stehen heute Gef\u00fchl und Intuition in bewusster Erg\u00e4nzung dazu. Das zeigt sich auch in der Leidenschaft zur Photographie sowie Kunst und Design. Auch mich interessieren Fragen des Seins und ich bin ein kritischer Denker wenn es um die notwendigen, gro\u00dfen Ver\u00e4nderungen in unseren gesellschaftlichen Systemen geht. Ich denke, vielen alten Denkmustern bin ich schon entwachsen, &#8230; aber trotzdem h\u00e4lt dieses Leben noch eine ganze Menge an Erkenntnissen und Entdeckungen f\u00fcr mich bereit.<\/p>\r\n\r\n","protected":false},"excerpt":{"rendered":"<p>Die Gastgeber Ilona und ich (Gerhard) kommen nicht aus dem Fremdenverkehr. Uns haben ganz andere Wege zu diesem Haus gef\u00fchrt (siehe die Geschichte dahinter). Ilona ist eine rheinl\u00e4ndische Frohnatur und sehr kommunikativ. Die Liebe zu den Bergen haben ihr aber auch die Stille der Natur n\u00e4hergebracht. Mit Freude lernt sie neue Menschen kennen, ganz besonders&hellip;<\/p>\n","protected":false},"author":2,"featured_media":0,"parent":0,"menu_order":0,"comment_status":"closed","ping_status":"closed","template":"","meta":{"slim_seo":{"facebook_image":"https:\/\/rosaundblauamsee.at\/wp-content\/uploads\/2023\/07\/gastgeber-preview.webp","twitter_image":"https:\/\/rosaundblauamsee.at\/wp-content\/uploads\/2023\/07\/gastgeber-preview.webp","title":"The hosts - rosaundblauamsee.at","description":"Die Gastgeber Ilona und ich (Gerhard) kommen nicht aus dem Fremdenverkehr. Uns haben ganz andere Wege zu diesem Haus gef\u00fchrt (siehe die Geschichte dahinter). Il"},"footnotes":""},"class_list":["post-600","page","type-page","status-publish","hentry"],"_links":{"self":[{"href":"https:\/\/rosaundblauamsee.at\/en\/wp-json\/wp\/v2\/pages\/600","targetHints":{"allow":["GET"]}}],"collection":[{"href":"https:\/\/rosaundblauamsee.at\/en\/wp-json\/wp\/v2\/pages"}],"about":[{"href":"https:\/\/rosaundblauamsee.at\/en\/wp-json\/wp\/v2\/types\/page"}],"author":[{"embeddable":true,"href":"https:\/\/rosaundblauamsee.at\/en\/wp-json\/wp\/v2\/users\/2"}],"replies":[{"embeddable":true,"href":"https:\/\/rosaundblauamsee.at\/en\/wp-json\/wp\/v2\/comments?post=600"}],"version-history":[{"count":2,"href":"https:\/\/rosaundblauamsee.at\/en\/wp-json\/wp\/v2\/pages\/600\/revisions"}],"predecessor-version":[{"id":650,"href":"https:\/\/rosaundblauamsee.at\/en\/wp-json\/wp\/v2\/pages\/600\/revisions\/650"}],"wp:attachment":[{"href":"https:\/\/rosaundblauamsee.at\/en\/wp-json\/wp\/v2\/media?parent=600"}],"curies":[{"name":"wp","href":"https:\/\/api.w.org\/{rel}","templated":true}]}}